{"id":24,"date":"2015-03-10T09:04:37","date_gmt":"2015-03-10T09:04:37","guid":{"rendered":"http:\/\/www.bufetcolls.es\/?page_id=24"},"modified":"2024-01-16T11:07:53","modified_gmt":"2024-01-16T10:07:53","slug":"abogados-accidentes-trafico-y-laborales-barcelona","status":"publish","type":"page","link":"https:\/\/bufetcolls.com\/es\/servicios\/abogados-accidentes-trafico-y-laborales-barcelona\/","title":{"rendered":"Accidentes de Tr\u00e1fico y Laborales"},"content":{"rendered":"<p><div class=\"fusion-fullwidth fullwidth-box fusion-builder-row-1 fusion-flex-container hundred-percent-fullwidth non-hundred-percent-height-scrolling serveis\" style=\"--awb-border-radius-top-left:0px;--awb-border-radius-top-right:0px;--awb-border-radius-bottom-right:0px;--awb-border-radius-bottom-left:0px;--awb-overflow:visible;--awb-flex-wrap:wrap;\" ><div class=\"fusion-builder-row fusion-row fusion-flex-align-items-flex-start fusion-flex-content-wrap\" style=\"width:104% !important;max-width:104% !important;margin-left: calc(-4% \/ 2 );margin-right: calc(-4% \/ 2 );\"><div class=\"fusion-layout-column fusion_builder_column fusion-builder-column-0 fusion_builder_column_1_3 1_3 fusion-flex-column texto-slide-servicios\" style=\"--awb-bg-size:cover;--awb-width-large:33.333333333333%;--awb-margin-top-large:0px;--awb-spacing-right-large:3.84%;--awb-margin-bottom-large:20px;--awb-spacing-left-large:5.76%;--awb-width-medium:33.333333333333%;--awb-spacing-right-medium:3.84%;--awb-spacing-left-medium:5.76%;--awb-width-small:100%;--awb-spacing-right-small:1.92%;--awb-spacing-left-small:1.92%;\"><div class=\"fusion-column-wrapper fusion-flex-justify-content-flex-start fusion-content-layout-column\"><div class=\"fusion-text fusion-text-1 intro-pagina\" style=\"--awb-text-transform:none;\"><p style=\"text-align: left;\">Estudiamos y analizamos su caso y luchamos hasta obtener <strong>la m\u00e1xima indemnizaci\u00f3n<\/strong>. La experiencia de <span style=\"text-decoration: underline; color: #808080;\"><a style=\"color: #808080; text-decoration: underline;\" href=\"http:\/\/www.bufetcolls.es\">Bufet Colls<\/a><\/span> en este \u00e1mbito avala un buen resultado. Antes de aceptar la indemnizaci\u00f3n que le ofrezcan, cons\u00faltenos para conseguir la m\u00e1xima posible.<\/p>\n<p style=\"text-align: left;\"><strong>Solo pagar\u00e1 si recibe una\u00a0indemnizaci\u00f3n por accidente.<\/strong><\/p>\n<\/div><\/div><\/div><div class=\"fusion-layout-column fusion_builder_column fusion-builder-column-1 fusion_builder_column_2_3 2_3 fusion-flex-column\" style=\"--awb-bg-size:cover;--awb-width-large:66.666666666667%;--awb-margin-top-large:0px;--awb-spacing-right-large:2.88%;--awb-margin-bottom-large:20px;--awb-spacing-left-large:3.84%;--awb-width-medium:66.666666666667%;--awb-spacing-right-medium:2.88%;--awb-spacing-left-medium:3.84%;--awb-width-small:100%;--awb-spacing-right-small:1.92%;--awb-spacing-left-small:1.92%;\"><div class=\"fusion-column-wrapper fusion-flex-justify-content-flex-start fusion-content-layout-column\"><div class=\"fusion-text fusion-text-2\"><p><img decoding=\"async\" class=\"alignnone wp-image-121 size-full\" title=\"El bufete de abogados de Barcelona Bufet Colls dispone de abogados expertos en la obtenci\u00f3n de indemnizaciones por Accidentes de Tr\u00e1fico y Laborales\" src=\"http:\/\/www.bufetcolls.es\/wp-content\/uploads\/2015\/03\/accidentes-trafico.jpg\" alt=\"El bufete de abogados de Barcelona Bufet Colls dispone de abogados expertos en la obtenci\u00f3n de indemnizaciones por Accidentes de Tr\u00e1fico y Laborales\" width=\"620\" height=\"287\" srcset=\"https:\/\/bufetcolls.com\/wp-content\/uploads\/2015\/03\/accidentes-trafico-300x139.jpg 300w, https:\/\/bufetcolls.com\/wp-content\/uploads\/2015\/03\/accidentes-trafico.jpg 620w\" sizes=\"(max-width: 620px) 100vw, 620px\" \/><\/p>\n<\/div><\/div><\/div><div class=\"fusion-layout-column fusion_builder_column fusion-builder-column-2 fusion_builder_column_2_3 2_3 fusion-flex-column\" style=\"--awb-padding-top:16px;--awb-padding-right:0px;--awb-padding-bottom:0px;--awb-padding-left:0px;--awb-bg-size:cover;--awb-width-large:66.666666666667%;--awb-margin-top-large:0px;--awb-spacing-right-large:3.84%;--awb-margin-bottom-large:20px;--awb-spacing-left-large:2.88%;--awb-width-medium:66.666666666667%;--awb-spacing-right-medium:3.84%;--awb-spacing-left-medium:2.88%;--awb-width-small:100%;--awb-spacing-right-small:1.92%;--awb-spacing-left-small:1.92%;\"><div class=\"fusion-column-wrapper fusion-flex-justify-content-flex-start fusion-content-layout-column\"><div class=\"fusion-title title fusion-title-1 fusion-title-text fusion-title-size-one\"><div class=\"title-sep-container title-sep-container-left fusion-no-large-visibility fusion-no-medium-visibility fusion-no-small-visibility\"><div class=\"title-sep sep-double sep-solid\" style=\"border-color:#e0dede;\"><\/div><\/div><span class=\"awb-title-spacer fusion-no-large-visibility fusion-no-medium-visibility fusion-no-small-visibility\"><\/span><h1 class=\"fusion-title-heading title-heading-left\" style=\"margin:0;\"><h1>Bufet Colls: Accidentes de Tr\u00e1fico y Laborales &nbsp;&nbsp;&nbsp;<\/h1><\/h1><span class=\"awb-title-spacer\"><\/span><div class=\"title-sep-container title-sep-container-right\"><div class=\"title-sep sep-double sep-solid\" style=\"border-color:#e0dede;\"><\/div><\/div><\/div><ul style=\"--awb-size:13px;--awb-iconcolor:#29235c;--awb-line-height:22.1px;--awb-icon-width:22.1px;--awb-icon-height:22.1px;--awb-icon-margin:9.1px;--awb-content-margin:31.2px;\" class=\"fusion-checklist fusion-checklist-1 fusion-checklist-default type-icons azules\"><li class=\"fusion-li-item\" style=\"\"><span class=\"icon-wrapper circle-no\"><i class=\"fusion-li-icon icon-stop2\" aria-hidden=\"true\"><\/i><\/span><div class=\"fusion-li-item-content\">\n<h4>INDEMNIZACI\u00d3N ACCIDENTES DE TR\u00c1FICO<\/h4>\n<p>Reclamaci\u00f3n de da\u00f1os causados por accidente de tr\u00e1fico en v\u00eda penal, civil o de forma extrajudicial.<\/div><\/li><li class=\"fusion-li-item\" style=\"\"><span class=\"icon-wrapper circle-no\"><i class=\"fusion-li-icon icon-stop2\" aria-hidden=\"true\"><\/i><\/span><div class=\"fusion-li-item-content\">\n<h4>INDEMNIZACI\u00d3N ACCIDENTES LABORALES<\/h4>\n<p>Reclamaci\u00f3n de indemnizaci\u00f3n por accidente laboral.<\/p>\n<\/div><\/li><li class=\"fusion-li-item\" style=\"\"><span class=\"icon-wrapper circle-no\"><i class=\"fusion-li-icon icon-stop2\" aria-hidden=\"true\"><\/i><\/span><div class=\"fusion-li-item-content\">\n<h4>PERITOS M\u00c9DICOS<\/h4>\n<p>Colaboramos con expertos especialistas en la valoraci\u00f3n del da\u00f1o corporal.<\/p>\n<\/div><\/li><\/ul><div class=\"fusion-text fusion-text-3\"><p>&nbsp;<\/p>\n<p><a href=\"https:\/\/bufetcolls.com\/blog\/no-hay-reclamacion-imposible-para-la-victima-de-un-accidente-de-trafico\/\"><img decoding=\"async\" class=\"alignnone size-full wp-image-1701\" src=\"https:\/\/bufetcolls.com\/wp-content\/uploads\/2015\/03\/RECLAMACIONES-ACCIDENTES-TRAFICO-BARCELONA-MODULO-SERVICIOS.png\" alt=\"Accidente de Circulacion. Abogado en Barcelona\" width=\"631\" height=\"165\" srcset=\"https:\/\/bufetcolls.com\/wp-content\/uploads\/2015\/03\/RECLAMACIONES-ACCIDENTES-TRAFICO-BARCELONA-MODULO-SERVICIOS-300x78.png 300w, https:\/\/bufetcolls.com\/wp-content\/uploads\/2015\/03\/RECLAMACIONES-ACCIDENTES-TRAFICO-BARCELONA-MODULO-SERVICIOS.png 631w\" sizes=\"(max-width: 631px) 100vw, 631px\" \/><\/a><\/p>\n<\/div><\/div><\/div><div class=\"fusion-layout-column fusion_builder_column fusion-builder-column-3 fusion_builder_column_1_3 1_3 fusion-flex-column\" style=\"--awb-bg-size:cover;--awb-width-large:33.333333333333%;--awb-margin-top-large:0px;--awb-spacing-right-large:5.76%;--awb-margin-bottom-large:20px;--awb-spacing-left-large:3.84%;--awb-width-medium:33.333333333333%;--awb-spacing-right-medium:5.76%;--awb-spacing-left-medium:3.84%;--awb-width-small:100%;--awb-spacing-right-small:1.92%;--awb-spacing-left-small:1.92%;\"><div class=\"fusion-column-wrapper fusion-flex-justify-content-flex-start fusion-content-layout-column\"><div class=\"fusion-widget fusion-widget-element fusion-widget-area fusion-content-widget-area wpWidget-1 menu-lateral-servicios wp_nav_menu_widget\" style=\"--awb-margin-top:8% 0%;--awb-margin-right:8% 0%;--awb-margin-bottom:8% 0%;--awb-margin-left:8% 0%;--awb-fusion-border-size:0px;--awb-fusion-border-style:solid;\"><div class=\"widget widget_nav_menu\"><div class=\"heading\"><h4 class=\"widget-title\">SERVICIOS<\/h4><\/div><div class=\"menu-servicios-container\"><ul id=\"menu-servicios\" class=\"menu\"><li id=\"menu-item-3672\" class=\"menu-item menu-item-type-post_type menu-item-object-page menu-item-3672\"><a href=\"https:\/\/bufetcolls.com\/es\/bufete-de-abogados-italian-desk-de-barcelona\/\">Italian Desk<\/a><\/li>\n<li id=\"menu-item-96\" class=\"menu-item menu-item-type-post_type menu-item-object-page menu-item-96\"><a href=\"https:\/\/bufetcolls.com\/es\/servicios\/abogados-derecho-mercantil-y-sociedades-barcelona\/\">Derecho Mercantil y de Sociedades<\/a><\/li>\n<li id=\"menu-item-95\" class=\"menu-item menu-item-type-post_type menu-item-object-page menu-item-95\"><a href=\"https:\/\/bufetcolls.com\/es\/servicios\/abogados-herencias-y-donaciones-barcelona\/\">Derecho de Sucesiones y Donaciones<\/a><\/li>\n<li id=\"menu-item-94\" class=\"menu-item menu-item-type-post_type menu-item-object-page menu-item-94\"><a href=\"https:\/\/bufetcolls.com\/es\/servicios\/abogados-derecho-inmobiliario-y-arrendamientos-barcelona\/\">Derecho Propiedad Inmobiliaria y Arrendamientos<\/a><\/li>\n<li id=\"menu-item-93\" class=\"menu-item menu-item-type-post_type menu-item-object-page menu-item-93\"><a href=\"https:\/\/bufetcolls.com\/es\/servicios\/abogados-derecho-civil-barcelona\/\">Derecho Civil, Prevenci\u00f3n y Resoluci\u00f3n de Conflictos<\/a><\/li>\n<li id=\"menu-item-92\" class=\"menu-item menu-item-type-post_type menu-item-object-page menu-item-92\"><a href=\"https:\/\/bufetcolls.com\/es\/servicios\/abogados-derecho-honor-intimidad-y-propiaimagen-barcelona\/\">Derecho al Honor, a la Intimidad y a la Propia Imagen<\/a><\/li>\n<li id=\"menu-item-91\" class=\"menu-item menu-item-type-post_type menu-item-object-page menu-item-91\"><a href=\"https:\/\/bufetcolls.com\/es\/servicios\/abogados-accidentes-trafico-y-laborales-barcelona\/\">Accidentes de Tr\u00e1fico y Laborales<\/a><\/li>\n<li id=\"menu-item-90\" class=\"menu-item menu-item-type-post_type menu-item-object-page menu-item-90\"><a href=\"https:\/\/bufetcolls.com\/es\/servicios\/abogados-reclamaciones-responsabilidad-civil-barcelona\/\">Reclamaciones por Responsabilidad Civil<\/a><\/li>\n<li id=\"menu-item-89\" class=\"menu-item menu-item-type-post_type menu-item-object-page menu-item-89\"><a href=\"https:\/\/bufetcolls.com\/es\/servicios\/abogados-defensa-judicial-barcelona\/\">Defensa Judicial<\/a><\/li>\n<li id=\"menu-item-88\" class=\"menu-item menu-item-type-post_type menu-item-object-page menu-item-88\"><a href=\"https:\/\/bufetcolls.com\/es\/servicios\/abogados-reclamacion-de-impagados-barcelona\/\">Reclamaci\u00f3n de Impagados<\/a><\/li>\n<\/ul><\/div><\/div><\/div>\n<div class=\"fusion-text fusion-text-4\" style=\"--awb-text-transform:none;\"><p><a href=\"https:\/\/bufetcolls.com\/blog\/\"><img decoding=\"async\" class=\"alignnone wp-image-852 size-medium\" src=\"https:\/\/bufetcolls.com\/wp-content\/uploads\/2015\/03\/BUFET_COLLS_BUEFETE_ABOGADOS_BARCELONA_SIDEBAR_BLOG-2-300x213.jpg\" alt=\"\" width=\"300\" height=\"213\" \/><\/a><\/p>\n<\/div><\/div><\/div><\/div><\/div><div class=\"fusion-fullwidth fullwidth-box fusion-builder-row-2 fusion-flex-container nonhundred-percent-fullwidth non-hundred-percent-height-scrolling\" style=\"--awb-border-radius-top-left:0px;--awb-border-radius-top-right:0px;--awb-border-radius-bottom-right:0px;--awb-border-radius-bottom-left:0px;--awb-margin-top:30px;--awb-background-color:#f6f3f3;--awb-flex-wrap:wrap;\" ><div class=\"fusion-builder-row fusion-row fusion-flex-align-items-flex-start fusion-flex-content-wrap\" style=\"max-width:1352px;margin-left: calc(-4% \/ 2 );margin-right: calc(-4% \/ 2 );\"><div class=\"fusion-layout-column fusion_builder_column fusion-builder-column-4 fusion_builder_column_1_4 1_4 fusion-flex-column fusion-flex-align-self-stretch caja-contacto\" style=\"--awb-padding-top:30px;--awb-padding-bottom:30px;--awb-padding-left:20px;--awb-padding-right-medium:0px;--awb-padding-left-medium:0px;--awb-bg-color:#f6f3f3;--awb-bg-color-hover:#f6f3f3;--awb-bg-size:cover;--awb-width-large:25%;--awb-margin-top-large:0px;--awb-spacing-right-large:7.68%;--awb-margin-bottom-large:0px;--awb-spacing-left-large:7.68%;--awb-width-medium:25%;--awb-order-medium:0;--awb-spacing-right-medium:0%;--awb-spacing-left-medium:0%;--awb-width-small:100%;--awb-order-small:0;--awb-spacing-right-small:0.96%;--awb-spacing-left-small:0%;\"><div class=\"fusion-column-wrapper fusion-column-has-shadow fusion-flex-justify-content-flex-start fusion-content-layout-column\"><div class=\"fusion-text fusion-text-5 titol\" style=\"--awb-font-size:18px;--awb-text-transform:none;--awb-margin-top:12px;--awb-margin-left:20px;\"><p><strong>ESTAREMOS ENCANTADOS<br \/>\nDE ATENDERLE:<\/strong><\/p>\n<\/div><div class=\"fusion-builder-row fusion-builder-row-inner fusion-row fusion-flex-align-items-flex-start fusion-flex-content-wrap\" style=\"width:104% !important;max-width:104% !important;margin-left: calc(-4% \/ 2 );margin-right: calc(-4% \/ 2 );\"><div class=\"fusion-layout-column fusion_builder_column_inner fusion-builder-nested-column-0 fusion_builder_column_inner_1_3 1_3 fusion-flex-column fusion-flex-align-self-center\" style=\"--awb-bg-size:cover;--awb-width-large:33.333333333333%;--awb-margin-top-large:0px;--awb-spacing-right-large:5.76%;--awb-margin-bottom-large:20px;--awb-spacing-left-large:5.76%;--awb-width-medium:33.333333333333%;--awb-order-medium:0;--awb-spacing-right-medium:5.76%;--awb-spacing-left-medium:5.76%;--awb-width-small:auto;--awb-order-small:0;--awb-spacing-right-small:2%;--awb-spacing-left-small:2%;\"><div class=\"fusion-column-wrapper fusion-column-has-shadow fusion-flex-justify-content-center fusion-content-layout-column\"><i class=\"fb-icon-element-1 fb-icon-element fontawesome-icon icon-phone circle-yes fusion-text-flow\" style=\"--awb-iconcolor:#62aad2;--awb-iconcolor-hover:#62aad2;--awb-circlecolor:rgba(255,255,255,0);--awb-circlecolor-hover:rgba(255,255,255,0);--awb-circlebordercolor-hover:#333333;--awb-circlebordersize:0px;--awb-font-size:37.84px;--awb-width:75.68px;--awb-height:75.68px;--awb-line-height:75.68px;--awb-margin-left:10px;\"><\/i><\/div><\/div><div class=\"fusion-layout-column fusion_builder_column_inner fusion-builder-nested-column-1 fusion_builder_column_inner_2_3 2_3 fusion-flex-column fusion-flex-align-self-center telefono\" style=\"--awb-bg-size:cover;--awb-width-large:66.666666666667%;--awb-margin-top-large:0px;--awb-spacing-right-large:2.88%;--awb-margin-bottom-large:20px;--awb-spacing-left-large:2.88%;--awb-width-medium:66.666666666667%;--awb-order-medium:0;--awb-spacing-right-medium:2.88%;--awb-spacing-left-medium:2.88%;--awb-width-small:50%;--awb-order-small:0;--awb-spacing-right-small:3.84%;--awb-spacing-left-small:0%;\"><div class=\"fusion-column-wrapper fusion-column-has-shadow fusion-flex-justify-content-center fusion-content-layout-column\"><div class=\"fusion-text fusion-text-6\" style=\"--awb-text-transform:none;--awb-text-color:#747474;--awb-margin-top:30px;\"><p>932 155 689<\/p>\n<\/div><\/div><\/div><\/div><div class=\"fusion-builder-row fusion-builder-row-inner fusion-row fusion-flex-align-items-flex-start fusion-flex-content-wrap\" style=\"width:104% !important;max-width:104% !important;margin-left: calc(-4% \/ 2 );margin-right: calc(-4% \/ 2 );\"><div class=\"fusion-layout-column fusion_builder_column_inner fusion-builder-nested-column-2 fusion_builder_column_inner_1_3 1_3 fusion-flex-column\" style=\"--awb-bg-size:cover;--awb-width-large:33.333333333333%;--awb-margin-top-large:0px;--awb-spacing-right-large:5.76%;--awb-margin-bottom-large:0px;--awb-spacing-left-large:5.76%;--awb-width-medium:33.333333333333%;--awb-order-medium:0;--awb-spacing-right-medium:5.76%;--awb-spacing-left-medium:5.76%;--awb-width-small:auto;--awb-order-small:0;--awb-spacing-right-small:2%;--awb-spacing-left-small:2%;\"><div class=\"fusion-column-wrapper fusion-column-has-shadow fusion-flex-justify-content-flex-start fusion-content-layout-column\"><i class=\"fb-icon-element-2 fb-icon-element fontawesome-icon icon-clock circle-yes fusion-text-flow\" style=\"--awb-iconcolor:#62aad2;--awb-iconcolor-hover:#62aad2;--awb-circlecolor:rgba(255,255,255,0);--awb-circlecolor-hover:rgba(255,255,255,0);--awb-circlebordercolor-hover:#333333;--awb-circlebordersize:0px;--awb-font-size:44px;--awb-width:88px;--awb-height:88px;--awb-line-height:88px;--awb-margin-top:10px;\"><\/i><\/div><\/div><div class=\"fusion-layout-column fusion_builder_column_inner fusion-builder-nested-column-3 fusion_builder_column_inner_2_3 2_3 fusion-flex-column horario\" style=\"--awb-bg-size:cover;--awb-width-large:66.666666666667%;--awb-margin-top-large:0px;--awb-spacing-right-large:2.88%;--awb-margin-bottom-large:0px;--awb-spacing-left-large:2.88%;--awb-width-medium:66.666666666667%;--awb-order-medium:0;--awb-spacing-right-medium:2.88%;--awb-spacing-left-medium:2.88%;--awb-width-small:50%;--awb-order-small:0;--awb-spacing-right-small:3.84%;--awb-spacing-left-small:0%;\"><div class=\"fusion-column-wrapper fusion-column-has-shadow fusion-flex-justify-content-center fusion-content-layout-column\"><div class=\"fusion-text fusion-text-7\" style=\"--awb-line-height:0.8;--awb-text-transform:none;--awb-text-color:#747474;--awb-margin-top:10px;\"><p><strong>Lu a Vi de<\/strong><\/p>\n<p><strong>9:00h a 13:15h<\/strong><\/p>\n<p><strong>16:00h a 19:00h<\/strong><\/p>\n<\/div><\/div><\/div><\/div><div class=\"fusion-builder-row fusion-builder-row-inner fusion-row fusion-flex-align-items-flex-start fusion-flex-content-wrap\" style=\"width:104% !important;max-width:104% !important;margin-left: calc(-4% \/ 2 );margin-right: calc(-4% \/ 2 );\"><div class=\"fusion-layout-column fusion_builder_column_inner fusion-builder-nested-column-4 fusion_builder_column_inner_1_3 1_3 fusion-flex-column\" style=\"--awb-padding-right-small:0px;--awb-bg-size:cover;--awb-width-large:33.333333333333%;--awb-margin-top-large:10px;--awb-spacing-right-large:5.76%;--awb-margin-bottom-large:20px;--awb-spacing-left-large:5.76%;--awb-width-medium:33.333333333333%;--awb-order-medium:0;--awb-spacing-right-medium:5.76%;--awb-spacing-left-medium:5.76%;--awb-width-small:auto;--awb-order-small:0;--awb-spacing-right-small:0%;--awb-spacing-left-small:11.5%;\"><div class=\"fusion-column-wrapper fusion-column-has-shadow fusion-flex-justify-content-flex-start fusion-content-layout-column\"><i class=\"fb-icon-element-3 fb-icon-element fontawesome-icon icon-envelop circle-yes fusion-text-flow\" style=\"--awb-iconcolor:#62aad2;--awb-iconcolor-hover:#62aad2;--awb-circlecolor:rgba(255,255,255,0);--awb-circlecolor-hover:rgba(255,255,255,0);--awb-circlebordercolor-hover:#333333;--awb-circlebordersize:0px;--awb-font-size:38.72px;--awb-width:77.44px;--awb-height:77.44px;--awb-line-height:77.44px;--awb-margin-right:22px;--awb-sm-align-self:center;\"><\/i><\/div><\/div><div class=\"fusion-layout-column fusion_builder_column_inner fusion-builder-nested-column-5 fusion_builder_column_inner_2_3 2_3 fusion-flex-column mail\" style=\"--awb-bg-size:cover;--awb-width-large:66.666666666667%;--awb-margin-top-large:10px;--awb-spacing-right-large:2.88%;--awb-margin-bottom-large:20px;--awb-spacing-left-large:2.88%;--awb-width-medium:66.666666666667%;--awb-order-medium:0;--awb-spacing-right-medium:2.88%;--awb-spacing-left-medium:2.88%;--awb-width-small:auto;--awb-order-small:0;--awb-spacing-right-small:2%;--awb-spacing-left-small:0%;\"><div class=\"fusion-column-wrapper fusion-column-has-shadow fusion-flex-justify-content-center fusion-content-layout-column\"><div class=\"fusion-text fusion-text-8\" style=\"--awb-text-transform:none;--awb-margin-top:30px;--awb-margin-left:0px;\"><p><strong>info@bufetcolls.com<\/strong><\/p>\n<\/div><\/div><\/div><\/div><\/div><\/div><div class=\"fusion-layout-column fusion_builder_column fusion-builder-column-5 fusion_builder_column_3_4 3_4 fusion-flex-column\" style=\"--awb-padding-right-small:0px;--awb-padding-bottom-small:20px;--awb-padding-left-small:0px;--awb-bg-color:#f6f3f3;--awb-bg-color-hover:#f6f3f3;--awb-bg-size:cover;--awb-width-large:75%;--awb-margin-top-large:0px;--awb-spacing-right-large:2.56%;--awb-margin-bottom-large:20px;--awb-spacing-left-large:2.56%;--awb-width-medium:75%;--awb-order-medium:0;--awb-spacing-right-medium:2.56%;--awb-spacing-left-medium:2.56%;--awb-width-small:100%;--awb-order-small:0;--awb-spacing-right-small:0%;--awb-margin-bottom-small:0px;--awb-spacing-left-small:0%;\"><div class=\"fusion-column-wrapper fusion-column-has-shadow fusion-flex-justify-content-flex-start fusion-content-layout-column\"><div class=\"fusion-widget fusion-widget-element fusion-widget-area fusion-content-widget-area wpWidget-2 wpforms_widget\" style=\"--awb-margin-top:30px;--awb-margin-right:30px;--awb-margin-bottom:30px;--awb-margin-left:30px;--awb-fusion-border-size:0px;--awb-fusion-border-style:solid;\"><div class=\"widget wpforms-widget\"><div class=\"wpforms-container wpforms-container-full\" id=\"wpforms-4156\"><form id=\"wpforms-form-4156\" class=\"wpforms-validate wpforms-form wpforms-ajax-form\" data-formid=\"4156\" method=\"post\" enctype=\"multipart\/form-data\" action=\"\/es\/wp-json\/wp\/v2\/pages\/24\" data-token=\"19ddbb7ae9d88eaa73bc4fb993cb8e68\" data-token-time=\"1776857613\"><noscript class=\"wpforms-error-noscript\">Por favor, activa JavaScript en tu navegador para completar este formulario.<\/noscript><div class=\"wpforms-field-container\"><div id=\"wpforms-4156-field_1-container\" class=\"wpforms-field wpforms-field-name\" data-field-id=\"1\"><label class=\"wpforms-field-label\" for=\"wpforms-4156-field_1\">Nombre <span class=\"wpforms-required-label\">*<\/span><\/label><input type=\"text\" id=\"wpforms-4156-field_1\" class=\"wpforms-field-medium wpforms-field-required\" name=\"wpforms[fields][1]\" required><\/div><div id=\"wpforms-4156-field_2-container\" class=\"wpforms-field wpforms-field-email wpforms-one-half wpforms-first\" data-field-id=\"2\"><label class=\"wpforms-field-label\" for=\"wpforms-4156-field_2\">Correo electr\u00f3nico <span class=\"wpforms-required-label\">*<\/span><\/label><input type=\"email\" id=\"wpforms-4156-field_2\" class=\"wpforms-field-large wpforms-field-required\" name=\"wpforms[fields][2]\" spellcheck=\"false\" required><\/div><div id=\"wpforms-4156-field_3-container\" class=\"wpforms-field wpforms-field-text wpforms-one-half\" data-field-id=\"3\"><label class=\"wpforms-field-label\" for=\"wpforms-4156-field_3\">Tel\u00e9fono<\/label><input type=\"text\" id=\"wpforms-4156-field_3\" class=\"wpforms-field-large\" name=\"wpforms[fields][3]\" ><\/div><div id=\"wpforms-4156-field_4-container\" class=\"wpforms-field wpforms-field-textarea form-con-mensaje\" data-field-id=\"4\"><label class=\"wpforms-field-label\" for=\"wpforms-4156-field_4\">Mensaje<\/label><textarea id=\"wpforms-4156-field_4\" class=\"wpforms-field-medium\" name=\"wpforms[fields][4]\" ><\/textarea><\/div><div id=\"wpforms-4156-field_6-container\" class=\"wpforms-field wpforms-field-checkbox wpforms-one-half wpforms-first form-cont-politica-privacitat\" data-field-id=\"6\"><label class=\"wpforms-field-label\">Pol\u00edtica de Privacidad <span class=\"wpforms-required-label\">*<\/span><\/label><ul id=\"wpforms-4156-field_6\" class=\"wpforms-field-required\"><li class=\"choice-1 depth-1\"><input type=\"checkbox\" id=\"wpforms-4156-field_6_1\" name=\"wpforms[fields][6][]\" value=\"He le\u00eddo y acepto la  &lt;a style=&quot;color: #767676 !important; text-decoration: underline !important;&quot; href=&quot;https:\/\/www.netcomtest.com\/es\/aviso-legal\/&quot;&gt;Pol\u00edtica de Privacidad&lt;\/a&gt;\" required ><label class=\"wpforms-field-label-inline\" for=\"wpforms-4156-field_6_1\">He le\u00eddo y acepto la  <a style=\"color: #767676 !important;text-decoration: underline !important\" href=\"https:\/\/www.netcomtest.com\/es\/aviso-legal\/\">Pol\u00edtica de Privacidad<\/a><\/label><\/li><\/ul><\/div><\/div><!-- .wpforms-field-container --><div class=\"wpforms-recaptcha-container wpforms-is-recaptcha wpforms-is-recaptcha-type-v2\" ><div class=\"g-recaptcha\" data-sitekey=\"6LfTmgQeAAAAABUm1ehf7gmzKG2fRUBwMXP7BSJR\"><\/div><input type=\"text\" name=\"g-recaptcha-hidden\" class=\"wpforms-recaptcha-hidden\" style=\"position:absolute!important;clip:rect(0,0,0,0)!important;height:1px!important;width:1px!important;border:0!important;overflow:hidden!important;padding:0!important;margin:0!important;\" data-rule-recaptcha=\"1\"><\/div><div class=\"wpforms-submit-container\" ><input type=\"hidden\" name=\"wpforms[id]\" value=\"4156\"><input type=\"hidden\" name=\"page_title\" value=\"\"><input type=\"hidden\" name=\"page_url\" value=\"https:\/\/bufetcolls.com\/es\/wp-json\/wp\/v2\/pages\/24\"><input type=\"hidden\" name=\"url_referer\" value=\"\"><button type=\"submit\" name=\"wpforms[submit]\" id=\"wpforms-submit-4156\" class=\"wpforms-submit\" data-alt-text=\"Enviando...\" data-submit-text=\"Enviar\" aria-live=\"assertive\" value=\"wpforms-submit\">Enviar<\/button><img decoding=\"async\" src=\"https:\/\/bufetcolls.com\/wp-content\/plugins\/wpforms-lite\/assets\/images\/submit-spin.svg\" class=\"wpforms-submit-spinner\" style=\"display: none;\" width=\"26\" height=\"26\" alt=\"Cargando\"><\/div><\/form><\/div>  <!-- .wpforms-container --><\/div><\/div><\/div><\/div><\/div><\/div>\n<\/p>\n","protected":false},"excerpt":{"rendered":"","protected":false},"author":4,"featured_media":0,"parent":9,"menu_order":0,"comment_status":"open","ping_status":"closed","template":"","meta":{"om_disable_all_campaigns":false,"_monsterinsights_skip_tracking":false,"_monsterinsights_sitenote_active":false,"_monsterinsights_sitenote_note":"","_monsterinsights_sitenote_category":0,"footnotes":""},"class_list":["post-24","page","type-page","status-publish","hentry"],"aioseo_notices":[],"_links":{"self":[{"href":"https:\/\/bufetcolls.com\/es\/wp-json\/wp\/v2\/pages\/24","targetHints":{"allow":["GET"]}}],"collection":[{"href":"https:\/\/bufetcolls.com\/es\/wp-json\/wp\/v2\/pages"}],"about":[{"href":"https:\/\/bufetcolls.com\/es\/wp-json\/wp\/v2\/types\/page"}],"author":[{"embeddable":true,"href":"https:\/\/bufetcolls.com\/es\/wp-json\/wp\/v2\/users\/4"}],"replies":[{"embeddable":true,"href":"https:\/\/bufetcolls.com\/es\/wp-json\/wp\/v2\/comments?post=24"}],"version-history":[{"count":30,"href":"https:\/\/bufetcolls.com\/es\/wp-json\/wp\/v2\/pages\/24\/revisions"}],"predecessor-version":[{"id":4083,"href":"https:\/\/bufetcolls.com\/es\/wp-json\/wp\/v2\/pages\/24\/revisions\/4083"}],"up":[{"embeddable":true,"href":"https:\/\/bufetcolls.com\/es\/wp-json\/wp\/v2\/pages\/9"}],"wp:attachment":[{"href":"https:\/\/bufetcolls.com\/es\/wp-json\/wp\/v2\/media?parent=24"}],"curies":[{"name":"wp","href":"https:\/\/api.w.org\/{rel}","templated":true}]}}